{"id":36,"date":"2019-12-12T16:41:08","date_gmt":"2019-12-12T16:41:08","guid":{"rendered":"http:\/\/hendrikjewangemann.de\/?page_id=36"},"modified":"2020-02-26T09:33:14","modified_gmt":"2020-02-26T09:33:14","slug":"interview","status":"publish","type":"page","link":"https:\/\/hendrikjewangemann.de\/?page_id=36","title":{"rendered":"Interview"},"content":{"rendered":"\n<p><strong>Frau Prof. Wangemann, Sie waren \u00fcber 20 Jahre Opernsolistin und wechselten 2008 als Gesangsprofessorin an die Dresdner Musikhochschule.<br> Wie f\u00e4llt Ihr Res\u00fcmee aus?<\/strong><\/p>\n\n\n\n<p>Es war das Beste, was passieren konnte. Und damit meine ich beide Phasen meines Berufslebens. Ich bin sehr gl\u00fccklich, so gute Jahre als S\u00e4ngerin erlebt zu haben und jetzt auf dieser Grundlage mit einer neuen &#8222;Berufung&#8220; t\u00e4tig sein zu ko\u0308nnen.<\/p>\n\n\n\n<p><strong>Sie sind von der B\u00fchne an eine Musikhochschule gewechselt. Warum?<\/strong><br><\/p>\n\n\n\n<p>Ich war S\u00e4ngerin im leichten lyrischen Sopranfach und habe eigentlich alle wichtigen und sch\u00f6nen Rollen gesungen. Als S\u00e4nger muss man sich allerdings auch fragen: was kommt danach \u2013 was kommt in der zweiten Lebensh\u00e4lfte!<br>Ich wollte dann aufh\u00f6ren, wenn es noch gut geht, vor allem eigene Entscheidungen treffen, ehe es andere tun.<br>Meine Unterrichtst\u00e4tigkeit hat noch w\u00e4hrend meines Engagements als Solistin an der Leipziger Oper begonnen. An der Martin-Luther-Universit\u00e4t in Halle habe ich vorrangig Lehramts-und P\u00e4dagogikstudenten unterrichtet. Ich bin sehr dankbar f\u00fcr diese Zeit, die auch eine Phase des eigenen Lernens und der intensiven Auseinandersetzung mit dieser Materie f\u00fcr mich war.<br>Ich unterrichte mit derselben Leidenschaft, mit der ich gesungen habe.<\/p>\n\n\n\n<p><strong>Wie sehen Sie die Chancen f\u00fcr junge S\u00e4nger in der heutigen Zeit?<\/strong><br><\/p>\n\n\n\n<p>Es ist hart, aber man kann es schaffen, wenn die Voraussetzungen f\u00fcr diesen Beruf vorhanden sind.<\/p>\n\n\n\n<p><strong>Die da w\u00e4ren?<\/strong><br><\/p>\n\n\n\n<p>Stimmmaterial, Begabung, Flei\u00df, Neugier, Geduld, starke Nerven. Wir sprechen gern vom &#8222;Gesamtpaket&#8220;, was stimmen muss.<\/p>\n\n\n\n<p><strong>Wodurch sind Sie zum Singen gekommen?<\/strong><br><\/p>\n\n\n\n<p>Ich war von fr\u00fchester Kindheit an im Theater, meine Mutter war S\u00e4ngerin, mein Vater Schauspieler. Ich habe es geliebt, bei Proben zuzuschauen und als Kind auch schon selbst mitzuspielen. Ich habe stundenlang zu Opernschallplatten mitgesungen. Es war vollkommen klar, dass ich auf die B\u00fchne will.<\/p>\n\n\n\n<p><strong>Gab es keine Alternative?<\/strong><br><\/p>\n\n\n\n<p>Eigentlich nicht. H\u00e4tte es zwingende Gr\u00fcnde gegeben, dann w\u00e4re Psychologie sicher eine interessante Richtung f\u00fcr mich gewesen.<\/p>\n\n\n\n<p><strong>Hatten Sie eine Lieblingspartie?<\/strong><br><\/p>\n\n\n\n<p>Ja, zwei: die Armida in &#8222;Rinaldo&#8220; von H\u00e4ndel und die Musetta in &#8222;La&nbsp;Bohe\u0300me&#8220; von Puccini.<\/p>\n\n\n\n<p><strong>Was bedeutete es f\u00fcr Sie, auf der Bu\u0308hne als S\u00e4ngerin und Darstellerin gleicherma\u00dfen zu agieren?<\/strong><br><\/p>\n\n\n\n<p>Es war eine gro\u00dfe Lust f\u00fcr mich, beides zu sein, S\u00e4ngerin und Schauspielerin. Das ist f\u00fcr mich immer eine Einheit gewesen.<br>Spannend ist, wenn Figuren wirklich ausgelotet werden, wenn die Frage gestellt wird, warum Menschen dieses oder jenes tun. Ich kann nur etwas authentisch singen und spielen, wenn ich den Menschen, den ich darstelle, begreifen, k\u00f6rperlich und emotional erfassen kann, mit allen Widerspr\u00fcchen, die wir ja selbst auch in uns haben.<br>Ich hatte das Gl\u00fcck, mit sehr guten Regisseuren und Dirigenten arbeiten zu k\u00f6nnen. Mich hat stets das Ganze interessiert.<\/p>\n\n\n\n<p><strong>Was ist Ihnen neben dem Singen und Unterrichten noch wichtig?<\/strong><br><\/p>\n\n\n\n<p>Nat\u00fcrlich mein Privatleben; dazu geh\u00f6ren zuallererst meine pers\u00f6nlichen Beziehungen. In der Freizeit bin ich oft in der Natur, mache regelm\u00e4\u00dfig Yoga und gehe nach wie vor leidenschaftlich gern ins Theater.<\/p>\n\n\n\n<p><strong>Was war das bisher wichtigste Ereignis in Ihrem Leben?<\/strong><br><\/p>\n\n\n\n<p>Die Geburt meiner Tochter Sophie.<\/p>\n\n\n\n<hr class=\"wp-block-separator\"\/>\n\n\n\n<p>Das Gespr\u00e4ch f\u00fchrte die Operndramaturgin Marita M\u00fcller im Juli 2019.<\/p>\n","protected":false},"excerpt":{"rendered":"<p>Frau Prof. Wangemann, Sie waren \u00fcber 20 Jahre Opernsolistin und wechselten 2008 als Gesangsprofessorin an die Dresdner Musikhochschule. Wie f\u00e4llt Ihr Res\u00fcmee aus? Es war das Beste, was passieren konnte. Und damit meine ich beide Phasen meines Berufslebens. Ich bin sehr gl\u00fccklich, so gute Jahre als S\u00e4ngerin erlebt zu haben und jetzt auf dieser Grundlage &hellip; <\/p>\n<p class=\"link-more\"><a href=\"https:\/\/hendrikjewangemann.de\/?page_id=36\" class=\"more-link\"><span class=\"screen-reader-text\">\u201eInterview\u201c <\/span>weiterlesen<\/a><\/p>\n","protected":false},"author":1,"featured_media":0,"parent":0,"menu_order":0,"comment_status":"closed","ping_status":"closed","template":"","meta":{"ngg_post_thumbnail":0,"footnotes":""},"class_list":["post-36","page","type-page","status-publish","hentry"],"_links":{"self":[{"href":"https:\/\/hendrikjewangemann.de\/index.php?rest_route=\/wp\/v2\/pages\/36","targetHints":{"allow":["GET"]}}],"collection":[{"href":"https:\/\/hendrikjewangemann.de\/index.php?rest_route=\/wp\/v2\/pages"}],"about":[{"href":"https:\/\/hendrikjewangemann.de\/index.php?rest_route=\/wp\/v2\/types\/page"}],"author":[{"embeddable":true,"href":"https:\/\/hendrikjewangemann.de\/index.php?rest_route=\/wp\/v2\/users\/1"}],"replies":[{"embeddable":true,"href":"https:\/\/hendrikjewangemann.de\/index.php?rest_route=%2Fwp%2Fv2%2Fcomments&post=36"}],"version-history":[{"count":6,"href":"https:\/\/hendrikjewangemann.de\/index.php?rest_route=\/wp\/v2\/pages\/36\/revisions"}],"predecessor-version":[{"id":248,"href":"https:\/\/hendrikjewangemann.de\/index.php?rest_route=\/wp\/v2\/pages\/36\/revisions\/248"}],"wp:attachment":[{"href":"https:\/\/hendrikjewangemann.de\/index.php?rest_route=%2Fwp%2Fv2%2Fmedia&parent=36"}],"curies":[{"name":"wp","href":"https:\/\/api.w.org\/{rel}","templated":true}]}}