{"id":27,"date":"2019-12-12T16:29:04","date_gmt":"2019-12-12T16:29:04","guid":{"rendered":"http:\/\/hendrikjewangemann.de\/?page_id=27"},"modified":"2019-12-12T17:30:26","modified_gmt":"2019-12-12T17:30:26","slug":"repertoire","status":"publish","type":"page","link":"https:\/\/hendrikjewangemann.de\/?page_id=27","title":{"rendered":"Repertoire"},"content":{"rendered":"\n<h2 class=\"wp-block-heading\"><strong>OPER<\/strong><\/h2>\n\n\n\n<p><strong>Beethoven<\/strong>            <br>FIDELIO             Marzelline<\/p>\n\n\n\n<p><strong>Berlioz<\/strong><br>TROJANER                Hecube, K\u00f6nigin von Troja<\/p>\n\n\n\n<p><strong>Bizet<\/strong><br>CARMEN              Miccaela, Frasquita<\/p>\n\n\n\n<p><strong>Britten<\/strong><br>SOMMERNACHTSTRAUM       Titania<\/p>\n\n\n\n<p><strong>Bruch<\/strong><br>SCHERZ, LIST UND RACHE  Scapine<\/p>\n\n\n\n<p><strong>Dove<\/strong><br>FLIGHT              Minsk-Woman<\/p>\n\n\n\n<p><strong>Gretry<\/strong><br>ZEMIRE ET AZOR          Zemire<\/p>\n\n\n\n<p><strong>H\u00e4ndel<\/strong><br>RINALDO             Armida<br>OREST               Iphigenie<br>TAMERLAN                Asteria<br>FLAVIO              Emilia<\/p>\n\n\n\n<p><strong>Herchet<\/strong><br>NACHTWACHE (UA)     Anila<br>ABRAUM (UA)         Anna<\/p>\n\n\n\n<p><strong>Humperdinck<\/strong><br>H\u00c4NSEL UND GRETEL       Taumann, Gretel<\/p>\n\n\n\n<p><strong>Ligeti<\/strong><br>LE GRAND MACABRE        Amanda<\/p>\n\n\n\n<p><strong>Lortzing<\/strong><br>DER WILDSCH\u00dcTZ          Baronin<br>ZAR UND ZIMMERMANN      Marie<\/p>\n\n\n\n<p><strong>Mozart<\/strong> <br>ZAUBERFL\u00d6TE         Papagena, Pamina, Erste Dame<br>LE NOZZE DI FIGARO      Barbarina, Susanna<br>COS\u00cc FAN TUTTE          Despina<br>DON GIOVANNI            Zerlina<br>TITUS                   Servilia<\/p>\n\n\n\n<p><strong>Poulenc<\/strong> <br>DIE MENSCHLICHE STIMME  Frau<\/p>\n\n\n\n<p><strong>Puccini<\/strong><br>LA BOH\u00c8ME               Musetta<\/p>\n\n\n\n<p><strong>Rameau<\/strong><br>HIPPOLYTE ET ARICIE     Pretresse, Matelote<\/p>\n\n\n\n<p><strong>Sch\u00f6nberg<\/strong><br>MOSES UND ARON          M\u00e4dchen, Jungfrau<br>VON HEUTE AUF MORGEN         Frau<\/p>\n\n\n\n<p><strong>Schostakowitsch<\/strong><br>DIE NASE                Brezelverk\u00e4uferin<\/p>\n\n\n\n<p><strong>Schulhoff<\/strong><br>FLAMMEN             1.Schatten<\/p>\n\n\n\n<p><strong>Smetana<\/strong><br>ZWEI WITWEN                         Karoline<\/p>\n\n\n\n<p><strong>Spohr<\/strong><br>JESSONDA                Jessonda<\/p>\n\n\n\n<p><strong>Thoma<\/strong> <br>DRAUSSEN VOR DER T\u00dcR    M\u00e4dchen<\/p>\n\n\n\n<p><strong>Turnage<\/strong><br>GREEK               Alle Sopranpartien<\/p>\n\n\n\n<p><strong>Verdi<\/strong><br>RIGOLETTO               Gilda<br>FALSTAFF                Nanetta<\/p>\n\n\n\n<p><strong>Wagner<\/strong><br>PARSIFAL                Blumenm\u00e4dchen<\/p>\n\n\n\n<p><strong>Weber<\/strong><br>DER FREISCH\u00dcTZ          \u00c4nnchen<\/p>\n\n\n\n<p><strong>Weill<\/strong> <br>AUFSTIEG UND FALL DER STADT MAHAGONNY     Jenny<br> SILBERSEE               Fennimore<\/p>\n\n\n\n<h2 class=\"wp-block-heading\"><strong>OPERETTE<\/strong><\/h2>\n\n\n\n<p><strong>Zeller<\/strong><br>DER VOGELH\u00c4NDLER        Christel<\/p>\n\n\n\n<p><strong>Strau\u00df<\/strong><br>DIE FLEDERMAUS          Rosalinde<\/p>\n\n\n\n<p><strong>Offenbach<\/strong><br>PARISER LEBEN           Baronin <br>RITTER BLAUBART         Boulotte<\/p>\n\n\n\n<p><strong>Leh\u00e1r<\/strong><br>LAND DES L\u00c4CHELNS                 Mi<br> GRAF VON LUXEMBURG          ANGELE<\/p>\n\n\n\n<h2 class=\"wp-block-heading\"><strong>KONZERT<\/strong><\/h2>\n\n\n\n<p><strong>Bach<\/strong><br>Kaffeekantate, BWV 211                <br>Matth\u00e4uspassion, BWV 244<br>Weihnachtsoratorium I-VI, BWV 248<\/p>\n\n\n\n<p><strong>Bruckner<\/strong> <br>Te Deum, WAB 45<\/p>\n\n\n\n<p><strong>Eisler<\/strong><br>Deutsche Sinfonie, op. 50<\/p>\n\n\n\n<p><strong>H\u00e4ndel<\/strong><br>C\u00e4cilienode, HWV 76<br>Jephtha (Angel), HWV 70<br>Messias, HWV 56<br>Neun Deutsche Arien, HWV 202-210<\/p>\n\n\n\n<p><strong>Haydn<\/strong><br>Die Sch\u00f6pfung, Hob. XXI: 2           <\/p>\n\n\n\n<p><strong>Mahler<\/strong><br>2. Sinfonie c-Moll, \u201eAuferstehungssinfonie\u201c        <\/p>\n","protected":false},"excerpt":{"rendered":"<p>OPER Beethoven FIDELIO Marzelline BerliozTROJANER Hecube, K\u00f6nigin von Troja BizetCARMEN Miccaela, Frasquita BrittenSOMMERNACHTSTRAUM Titania BruchSCHERZ, LIST UND RACHE Scapine DoveFLIGHT Minsk-Woman GretryZEMIRE ET AZOR Zemire H\u00e4ndelRINALDO ArmidaOREST IphigenieTAMERLAN AsteriaFLAVIO Emilia HerchetNACHTWACHE (UA) AnilaABRAUM (UA) Anna HumperdinckH\u00c4NSEL UND GRETEL Taumann, Gretel LigetiLE GRAND MACABRE Amanda LortzingDER WILDSCH\u00dcTZ BaroninZAR UND ZIMMERMANN Marie Mozart ZAUBERFL\u00d6TE Papagena, Pamina, Erste &hellip; <\/p>\n<p class=\"link-more\"><a href=\"https:\/\/hendrikjewangemann.de\/?page_id=27\" class=\"more-link\"><span class=\"screen-reader-text\">\u201eRepertoire\u201c <\/span>weiterlesen<\/a><\/p>\n","protected":false},"author":1,"featured_media":0,"parent":0,"menu_order":0,"comment_status":"closed","ping_status":"closed","template":"","meta":{"ngg_post_thumbnail":0,"footnotes":""},"class_list":["post-27","page","type-page","status-publish","hentry"],"_links":{"self":[{"href":"https:\/\/hendrikjewangemann.de\/index.php?rest_route=\/wp\/v2\/pages\/27","targetHints":{"allow":["GET"]}}],"collection":[{"href":"https:\/\/hendrikjewangemann.de\/index.php?rest_route=\/wp\/v2\/pages"}],"about":[{"href":"https:\/\/hendrikjewangemann.de\/index.php?rest_route=\/wp\/v2\/types\/page"}],"author":[{"embeddable":true,"href":"https:\/\/hendrikjewangemann.de\/index.php?rest_route=\/wp\/v2\/users\/1"}],"replies":[{"embeddable":true,"href":"https:\/\/hendrikjewangemann.de\/index.php?rest_route=%2Fwp%2Fv2%2Fcomments&post=27"}],"version-history":[{"count":3,"href":"https:\/\/hendrikjewangemann.de\/index.php?rest_route=\/wp\/v2\/pages\/27\/revisions"}],"predecessor-version":[{"id":63,"href":"https:\/\/hendrikjewangemann.de\/index.php?rest_route=\/wp\/v2\/pages\/27\/revisions\/63"}],"wp:attachment":[{"href":"https:\/\/hendrikjewangemann.de\/index.php?rest_route=%2Fwp%2Fv2%2Fmedia&parent=27"}],"curies":[{"name":"wp","href":"https:\/\/api.w.org\/{rel}","templated":true}]}}