{"id":208,"date":"2020-02-20T10:43:38","date_gmt":"2020-02-20T10:43:38","guid":{"rendered":"http:\/\/hendrikjewangemann.de\/?page_id=208"},"modified":"2020-09-25T07:33:52","modified_gmt":"2020-09-25T07:33:52","slug":"engagements","status":"publish","type":"page","link":"https:\/\/hendrikjewangemann.de\/?page_id=208","title":{"rendered":"Engagements von Studierenden"},"content":{"rendered":"\n<div class=\"wp-block-image\"><figure class=\"aligncenter size-large is-resized\"><img loading=\"lazy\" decoding=\"async\" src=\"http:\/\/hendrikjewangemann.de\/wp-content\/uploads\/2020\/02\/Kim-683x1024.jpg\" alt=\"\" class=\"wp-image-224\" width=\"326\" height=\"488\" srcset=\"https:\/\/hendrikjewangemann.de\/wp-content\/uploads\/2020\/02\/Kim-683x1024.jpg 683w, https:\/\/hendrikjewangemann.de\/wp-content\/uploads\/2020\/02\/Kim-200x300.jpg 200w, https:\/\/hendrikjewangemann.de\/wp-content\/uploads\/2020\/02\/Kim-768x1152.jpg 768w, https:\/\/hendrikjewangemann.de\/wp-content\/uploads\/2020\/02\/Kim.jpg 1000w\" sizes=\"auto, (max-width: 326px) 100vw, 326px\" \/><\/figure><\/div>\n\n\n\n<p><strong>Beomjin Kim, Tenor,<\/strong> ist Mitglied des Jungen&nbsp;Ensembles der Semperoper&nbsp;Dresden und studiert seit dem Wintersemester 2019\/20 in der Meisterklasse bei Frau&nbsp;Prof.&nbsp;Hendrikje&nbsp;Wangemann und KS&nbsp;Prof.&nbsp;Olaf&nbsp;B\u00e4r. <br><br>In der Spielzeit 2019\/20 ist Beomjin&nbsp;Kim u.a. in folgenden Partien an der Semperoper zu erleben: <em>Don&nbsp;Luigino<\/em> \u201eIl&nbsp;viaggio&nbsp;a&nbsp;Reims\u201c, <em>Augustin&nbsp;Moser<\/em> \u201eDie&nbsp;Meistersinger&nbsp;von&nbsp;N\u00fcrnberg\u201c, <em>Monostatos<\/em> \u201eDie&nbsp;Zauberfl\u00f6te\u201c, <em>Don&nbsp;Basilio<\/em> \u201eFigaros&nbsp;Hochzeit\u201c und <em>Triquet<\/em> \u201eEugen&nbsp;Onegin\u201c.  <br><br>Mit gro\u00dfem Erfolg sang er in der Dresdner Erstauff\u00fchrung der Oper \u201eDer&nbsp;goldene&nbsp;Drache\u201c von Peter&nbsp;E\u00f6tv\u00f6s die Partie des <em>Jungen&nbsp;Mannes<\/em> im Dezember 2019.<\/p>\n\n\n\n<hr class=\"wp-block-separator\"\/>\n\n\n\n<div class=\"wp-block-image\"><figure class=\"aligncenter size-large is-resized\"><img loading=\"lazy\" decoding=\"async\" src=\"http:\/\/hendrikjewangemann.de\/wp-content\/uploads\/2019\/12\/PT_Artur-1024x683.jpeg\" alt=\"\" class=\"wp-image-46\" width=\"365\" height=\"243\" srcset=\"https:\/\/hendrikjewangemann.de\/wp-content\/uploads\/2019\/12\/PT_Artur-1024x683.jpeg 1024w, https:\/\/hendrikjewangemann.de\/wp-content\/uploads\/2019\/12\/PT_Artur-300x200.jpeg 300w, https:\/\/hendrikjewangemann.de\/wp-content\/uploads\/2019\/12\/PT_Artur-768x512.jpeg 768w, https:\/\/hendrikjewangemann.de\/wp-content\/uploads\/2019\/12\/PT_Artur.jpeg 1280w\" sizes=\"auto, (max-width: 365px) 100vw, 365px\" \/><\/figure><\/div>\n\n\n\n<p><strong>Artur Garbas, Bariton<\/strong> studiert seit 2015 im Bachelor Gesang.  Er sang 2017 an der Oper Leipzig in \u201eCinq\u00a0Mars&#8220; (Gounod) die Rolle des <em>De\u00a0Brienne<\/em> sowie in \u201eSalome&#8220; (Richard Strauss) den <em>Kappadozier<\/em>. <br><br>An der Staatsoper Prag \u00fcbernahm er 2019 die Rolle des <em>Leander<\/em> in \u201eDie Liebe zu den drei Orangen\u201c von Sergei Prokofiev in franz\u00f6sischer Sprache unter der Leitung von Christopher Ward. <br><br>Er wird in der Spielzeit 2019\/20 an der Oper Leipzig in \u201eLa\u00a0fanciulla\u00a0del\u00a0West\u201c von Giacomo\u00a0Puccini die Rolle des <em>Billy\u00a0Jackrabbit<\/em> unter der Leitung von GMD\u00a0Ulf\u00a0Schirmer singen. <br><br>Im Februar 2020 wird er Solist in einem Konzert mit Ausschnitten aus Joseph\u00a0Haydns \u201eDie\u00a0Sch\u00f6pfung\u201c unter der Leitung von J\u00f6rg\u2011Peter\u00a0Weigle in Potsdam (Nikolaisaal) sein.<br><br>Artur Garbas errang einen Platz an der Theaterakademie August Everding, an welcher er ab Wintersemester 2020 sein Masterstudium absolvieren wird.<\/p>\n\n\n\n<hr class=\"wp-block-separator\"\/>\n\n\n\n<div class=\"wp-block-image\"><figure class=\"aligncenter size-large is-resized\"><img loading=\"lazy\" decoding=\"async\" src=\"http:\/\/hendrikjewangemann.de\/wp-content\/uploads\/2019\/12\/PT_Kunath-1024x683.jpeg\" alt=\"\" class=\"wp-image-47\" width=\"309\" height=\"205\" srcset=\"https:\/\/hendrikjewangemann.de\/wp-content\/uploads\/2019\/12\/PT_Kunath-1024x683.jpeg 1024w, https:\/\/hendrikjewangemann.de\/wp-content\/uploads\/2019\/12\/PT_Kunath-300x200.jpeg 300w, https:\/\/hendrikjewangemann.de\/wp-content\/uploads\/2019\/12\/PT_Kunath-768x512.jpeg 768w, https:\/\/hendrikjewangemann.de\/wp-content\/uploads\/2019\/12\/PT_Kunath-1536x1024.jpeg 1536w, https:\/\/hendrikjewangemann.de\/wp-content\/uploads\/2019\/12\/PT_Kunath-2048x1365.jpeg 2048w\" sizes=\"auto, (max-width: 309px) 100vw, 309px\" \/><\/figure><\/div>\n\n\n\n<p><strong>Jakob Kunath, Bariton<\/strong>, sang im Juni 2018 die Rolle des <em>Dr. Fichler<\/em> in der Urauff\u00fchrung der Opernburleske von Frank&nbsp;Matthus&#8216; \u201eBad&nbsp;Man\u2018s&nbsp;Life\u201c (Komposition von Marc-Aurel&nbsp;Floros) beim Internationalen Festival der Kammeroper Rheinsberg.  <br><br>Im September 2018 deb\u00fctierte er an der Leipziger Oper in der Rolle des <em>Happy<\/em> in \u201eLa&nbsp;Fanciulla&nbsp;del&nbsp;West\u201c (Puccini). <br><br>In der Spielzeit 2018\/19 konnte man ihn am Theater Detmold als <em>Zweiter&nbsp;Fremder<\/em> in der Operette \u201eDer&nbsp;Vetter&nbsp;aus&nbsp;Dingsda\u201c (K\u00fcnneke) erleben. <br><br>Seit 2019 ist er Ensemblemitglied des Detmolder Theaters u.a. mit Partien wie <em>Graf<\/em> \u201eWildsch\u00fctz&#8220;, <em>Masetto\/ Don&nbsp;Giovanni<\/em> \u201eDon&nbsp;Giovanni&#8220; und <em>Freddy<\/em> \u201eMy&nbsp;fair&nbsp;Lady&#8220;.<\/p>\n<p>Er studierte von 2014-2018 im Bachelor Gesang.<\/p>\n\n\n\n<hr class=\"wp-block-separator\"\/>\n\n\n\n<div class=\"wp-block-image\"><figure class=\"aligncenter size-large is-resized\"><img loading=\"lazy\" decoding=\"async\" src=\"http:\/\/hendrikjewangemann.de\/wp-content\/uploads\/2019\/12\/PT_Ryu.jpeg\" alt=\"\" class=\"wp-image-49\" width=\"232\" height=\"309\" srcset=\"https:\/\/hendrikjewangemann.de\/wp-content\/uploads\/2019\/12\/PT_Ryu.jpeg 415w, https:\/\/hendrikjewangemann.de\/wp-content\/uploads\/2019\/12\/PT_Ryu-226x300.jpeg 226w\" sizes=\"auto, (max-width: 232px) 100vw, 232px\" \/><\/figure><\/div>\n\n\n\n<p><strong>Seongsoo Ryu, Tenor,<\/strong> war Solist des Er\u00f6ffnungskonzertes des Dvorak-Wettbewerbes 2017 in Karlovy&nbsp;Vary und sang im Januar 2018 in einer Operngala am Staatstheater Prag. <br><br>Seongsoo&nbsp;Ryu gastiert seit 2019\/2020 im Berliner&nbsp;Rundfunkchor sowie an den Landesb\u00fchnen&nbsp;Radebeul.<br><br> Er studierte zun\u00e4chst im Master Oper und danach in der Meisterklasse Gesang. <\/p>\n\n\n\n<hr class=\"wp-block-separator\"\/>\n\n\n\n<div class=\"wp-block-image\"><figure class=\"aligncenter size-large is-resized\"><img loading=\"lazy\" decoding=\"async\" src=\"http:\/\/hendrikjewangemann.de\/wp-content\/uploads\/2019\/12\/PT_Wang.jpg\" alt=\"\" class=\"wp-image-51\" width=\"272\" height=\"273\" srcset=\"https:\/\/hendrikjewangemann.de\/wp-content\/uploads\/2019\/12\/PT_Wang.jpg 415w, https:\/\/hendrikjewangemann.de\/wp-content\/uploads\/2019\/12\/PT_Wang-300x300.jpg 300w, https:\/\/hendrikjewangemann.de\/wp-content\/uploads\/2019\/12\/PT_Wang-150x150.jpg 150w, https:\/\/hendrikjewangemann.de\/wp-content\/uploads\/2019\/12\/PT_Wang-100x100.jpg 100w\" sizes=\"auto, (max-width: 272px) 100vw, 272px\" \/><\/figure><\/div>\n\n\n\n<p><strong>Qing Wang, Sopran<\/strong>, sang in der Spielzeit 2018\/19 an der Staatsoperette&nbsp;Dresden das <em>Taum\u00e4nnchen<\/em> in \u201eH\u00e4nsel&nbsp;und&nbsp;Gretel\u201c (Humperdinck). <br><br>2020 war sie Solistin in einer konzertanten Opernauff\u00fchrung der Berliner&nbsp;Philharmoniker unter Kirill&nbsp;Petrenko in der Partie der <em>Suor&nbsp;Dolcina<\/em> (Puccini).<br><br>Sie studierte im Master Oper und danach in der Meisterklasse Gesang.<\/p>\n\n\n\n<hr class=\"wp-block-separator\"\/>\n\n\n\n<div class=\"wp-block-image\"><figure class=\"aligncenter size-large is-resized\"><img loading=\"lazy\" decoding=\"async\" src=\"http:\/\/hendrikjewangemann.de\/wp-content\/uploads\/2020\/02\/Natalia_Rubis-682x1024.jpg\" alt=\"\" class=\"wp-image-216\" width=\"289\" height=\"433\" srcset=\"https:\/\/hendrikjewangemann.de\/wp-content\/uploads\/2020\/02\/Natalia_Rubis-682x1024.jpg 682w, https:\/\/hendrikjewangemann.de\/wp-content\/uploads\/2020\/02\/Natalia_Rubis-200x300.jpg 200w, https:\/\/hendrikjewangemann.de\/wp-content\/uploads\/2020\/02\/Natalia_Rubis-768x1154.jpg 768w, https:\/\/hendrikjewangemann.de\/wp-content\/uploads\/2020\/02\/Natalia_Rubis.jpg 960w\" sizes=\"auto, (max-width: 289px) 100vw, 289px\" \/><\/figure><\/div>\n\n\n\n<p><strong>Natalia Rubis, Sopran<\/strong>, studierte 2013\/2014 im Erasmusstudium und danach in der Meisterklasse.<br><br>Im Juni 2014 gab sie ihr Operndeb\u00fct als <em>Calisto<\/em> in H\u00e4ndels &#8222;Giove&nbsp;in&nbsp;Argo\u201c bei den H\u00e4ndel-Festspielen in Halle.  <br><br>2014 wurde sie an die Opera&nbsp;School&nbsp;of&nbsp;Yale engagiert und war Solistin zahlreicher Opernauff\u00fchrungen.<br><br>Sie sang Partien des lyrischen Sopranfachs u.a. <em>Fiordiligi<\/em> in Mozarts \u201eCos\u00ec&nbsp;fan&nbsp;tutte&#8220; (Krakau), <em>Donna&nbsp;Elvira<\/em> in Mozarts \u201eDon&nbsp;Giovanni&#8220;&nbsp;(Cover,Znojmo), <em>Helena<\/em> in Benjamin&nbsp;Brittens \u201eA&nbsp;Mid\u2011Summer&nbsp;Night&#8217;s&nbsp;Dream&#8220;&nbsp;(New&nbsp;Haven). <br><br>2019\/20 singt sie die Titelpartie in &#8222;Halka&#8220;&nbsp;(Moniuszko) am Opernhaus&nbsp;Wroclaw.<\/p>\n\n\n\n<hr class=\"wp-block-separator\"\/>\n\n\n\n<div class=\"wp-block-image\"><figure class=\"aligncenter size-large is-resized\"><img loading=\"lazy\" decoding=\"async\" src=\"http:\/\/hendrikjewangemann.de\/wp-content\/uploads\/2020\/02\/Petrasova-Aneta.jpg\" alt=\"\" class=\"wp-image-214\" width=\"299\" height=\"299\" srcset=\"https:\/\/hendrikjewangemann.de\/wp-content\/uploads\/2020\/02\/Petrasova-Aneta.jpg 415w, https:\/\/hendrikjewangemann.de\/wp-content\/uploads\/2020\/02\/Petrasova-Aneta-300x300.jpg 300w, https:\/\/hendrikjewangemann.de\/wp-content\/uploads\/2020\/02\/Petrasova-Aneta-150x150.jpg 150w, https:\/\/hendrikjewangemann.de\/wp-content\/uploads\/2020\/02\/Petrasova-Aneta-100x100.jpg 100w\" sizes=\"auto, (max-width: 299px) 100vw, 299px\" \/><\/figure><\/div>\n\n\n\n<p><strong>Aneta Petrasova, Alt<\/strong>, studierte zun\u00e4chst im Diplomstudiengang und danach im Master Konzert. <br><br>Die aus Prag stammende Altistin widmet sie sich mit Leidenschaft vor allem dem Repertoire des 17. und 18. Jahrhunderts sowie dem Lied. <br><br>Als Ensemblemitglied arbeitete sie seit 2013 mit dem Dresdner&nbsp;Kammerchor unter Leitung von Hans-Christoph&nbsp;Rademann und seit 2015 mit dem Collegium&nbsp;Vocale&nbsp;1704 unter V\u00e1clav&nbsp;Luks. <br><br>Mit diesen Ensembles konzertierte sie auch als Solistin auf Podien und Festivals wie den Salzburger&nbsp;Festspielen, dem Bachfest&nbsp;Leipzig, dem Wiener&nbsp;Konzerthaus, der Berliner&nbsp;Philharmonie und Oude&nbsp;Muziek&nbsp;Utrecht.<\/p>\n\n\n\n<hr class=\"wp-block-separator\"\/>\n\n\n\n<div class=\"wp-block-image\"><figure class=\"aligncenter size-large is-resized\"><img loading=\"lazy\" decoding=\"async\" src=\"http:\/\/hendrikjewangemann.de\/wp-content\/uploads\/2020\/02\/Maria_Koenig.jpg\" alt=\"\" class=\"wp-image-211\" width=\"212\" height=\"319\"\/><\/figure><\/div>\n\n\n\n<p><strong>Maria K\u00f6nig, Sopran<\/strong>, ist seit der Spielzeit 2016\/17 im Staatsopernchor der Semperoper Dresden engagiert. <br><br>Sie studierte im Diplomstudiengang Gesang und danach im Master Oper.<\/p>\n\n\n\n<hr class=\"wp-block-separator\"\/>\n\n\n\n<div class=\"wp-block-image\"><figure class=\"aligncenter size-large is-resized\"><img loading=\"lazy\" decoding=\"async\" src=\"http:\/\/hendrikjewangemann.de\/wp-content\/uploads\/2020\/02\/isa1_3x2_b.jpg\" alt=\"\" class=\"wp-image-217\" width=\"386\" height=\"258\" srcset=\"https:\/\/hendrikjewangemann.de\/wp-content\/uploads\/2020\/02\/isa1_3x2_b.jpg 610w, https:\/\/hendrikjewangemann.de\/wp-content\/uploads\/2020\/02\/isa1_3x2_b-300x200.jpg 300w\" sizes=\"auto, (max-width: 386px) 100vw, 386px\" \/><\/figure><\/div>\n\n\n\n<p><strong>Isabel Schicketanz, Sopran<\/strong>, studierte bis 2014 im Diplomstudiengang Gesang. Sie war Mitglied des Dresdner&nbsp;Kammerchores und gastiert regelm\u00e4\u00dfig beim Rias-Kammerchor. <br><br>Sie wirkte bei der Gesamteinspielung der Werke von Heinrich&nbsp;Sch\u00fctz unter der Leitung von Hans-Christoph&nbsp;Rademann mit. <br><br>2016\/17 sang sie im Calmus&nbsp;Ensemble&nbsp;Leipzig und gab Konzerte in Europa, Asien und den USA. Ihr besonderes Interesse gilt der Musik des 16.-18. Jahrhunderts. <br><br>Sie konzertiert u.a. als Solistin mit dem Dresdner&nbsp;Barockorchester, dem Barockorchester&nbsp;Breslau, dem Collegium&nbsp;1704&nbsp;Prag, der G\u00e4chinger&nbsp;Kantorei, der Nederlandse&nbsp;Bachvereinigung&nbsp;Utrecht, der Lautten&nbsp;Compagney&nbsp;Berlin, der Batzdorfer&nbsp;Hofkapelle, der Capella&nbsp;Sagittariana und WUNDERKAMMER&nbsp;Berlin. <\/p>\n\n\n\n<hr class=\"wp-block-separator\"\/>\n\n\n\n<div class=\"wp-block-image\"><figure class=\"aligncenter size-large is-resized\"><img loading=\"lazy\" decoding=\"async\" src=\"http:\/\/hendrikjewangemann.de\/wp-content\/uploads\/2020\/02\/Jihye_Son-683x1024.jpg\" alt=\"\" class=\"wp-image-218\" width=\"221\" height=\"331\" srcset=\"https:\/\/hendrikjewangemann.de\/wp-content\/uploads\/2020\/02\/Jihye_Son-683x1024.jpg 683w, https:\/\/hendrikjewangemann.de\/wp-content\/uploads\/2020\/02\/Jihye_Son-200x300.jpg 200w, https:\/\/hendrikjewangemann.de\/wp-content\/uploads\/2020\/02\/Jihye_Son-768x1152.jpg 768w, https:\/\/hendrikjewangemann.de\/wp-content\/uploads\/2020\/02\/Jihye_Son-1024x1536.jpg 1024w, https:\/\/hendrikjewangemann.de\/wp-content\/uploads\/2020\/02\/Jihye_Son-1365x2048.jpg 1365w, https:\/\/hendrikjewangemann.de\/wp-content\/uploads\/2020\/02\/Jihye_Son-scaled.jpg 1707w\" sizes=\"auto, (max-width: 221px) 100vw, 221px\" \/><\/figure><\/div>\n\n\n\n<p><strong>Jihye Son, Sopran<\/strong>, studierte Gesang bei Rita&nbsp;Orlandi&nbsp;Malaspina am Mail\u00e4nder&nbsp;Konservatorium, am Centro&nbsp;Universale&nbsp;del&nbsp;Bel&nbsp;Canto&nbsp;di&nbsp;Vignola bei Mirella&nbsp;Freni sowie an der Accademia&nbsp;Nazionale&nbsp;di&nbsp;Santa&nbsp;Cecilia bei Renata&nbsp;Scotto. <br><br>Danach studierte sie in der Meisterklasse bei Frau&nbsp;Prof.&nbsp;Hendrikje&nbsp;Wangemann und KS&nbsp;Prof.&nbsp;Olaf&nbsp;B\u00e4r. <br><br>2019\/20 singt sie am Theater&nbsp;Dortmund u.a. die Titelpartie in Puccinis \u201eMadame&nbsp;Butterfly&#8220;, die <em>Liu<\/em> in \u201eTurandot&#8220; sowie die <em>Elvire<\/em> in \u201eDie&nbsp;Stumme&nbsp;von&nbsp;Portici&#8220; (Auber).<\/p>\n","protected":false},"excerpt":{"rendered":"<p>Beomjin Kim, Tenor, ist Mitglied des Jungen&nbsp;Ensembles der Semperoper&nbsp;Dresden und studiert seit dem Wintersemester 2019\/20 in der Meisterklasse bei Frau&nbsp;Prof.&nbsp;Hendrikje&nbsp;Wangemann und KS&nbsp;Prof.&nbsp;Olaf&nbsp;B\u00e4r. In der Spielzeit 2019\/20 ist Beomjin&nbsp;Kim u.a. in folgenden Partien an der Semperoper zu erleben: Don&nbsp;Luigino \u201eIl&nbsp;viaggio&nbsp;a&nbsp;Reims\u201c, Augustin&nbsp;Moser \u201eDie&nbsp;Meistersinger&nbsp;von&nbsp;N\u00fcrnberg\u201c, Monostatos \u201eDie&nbsp;Zauberfl\u00f6te\u201c, Don&nbsp;Basilio \u201eFigaros&nbsp;Hochzeit\u201c und Triquet \u201eEugen&nbsp;Onegin\u201c. Mit gro\u00dfem Erfolg sang er in der &hellip; <\/p>\n<p class=\"link-more\"><a href=\"https:\/\/hendrikjewangemann.de\/?page_id=208\" class=\"more-link\"><span class=\"screen-reader-text\">\u201eEngagements von Studierenden\u201c <\/span>weiterlesen<\/a><\/p>\n","protected":false},"author":1,"featured_media":0,"parent":0,"menu_order":0,"comment_status":"closed","ping_status":"closed","template":"","meta":{"ngg_post_thumbnail":0,"footnotes":""},"class_list":["post-208","page","type-page","status-publish","hentry"],"_links":{"self":[{"href":"https:\/\/hendrikjewangemann.de\/index.php?rest_route=\/wp\/v2\/pages\/208","targetHints":{"allow":["GET"]}}],"collection":[{"href":"https:\/\/hendrikjewangemann.de\/index.php?rest_route=\/wp\/v2\/pages"}],"about":[{"href":"https:\/\/hendrikjewangemann.de\/index.php?rest_route=\/wp\/v2\/types\/page"}],"author":[{"embeddable":true,"href":"https:\/\/hendrikjewangemann.de\/index.php?rest_route=\/wp\/v2\/users\/1"}],"replies":[{"embeddable":true,"href":"https:\/\/hendrikjewangemann.de\/index.php?rest_route=%2Fwp%2Fv2%2Fcomments&post=208"}],"version-history":[{"count":28,"href":"https:\/\/hendrikjewangemann.de\/index.php?rest_route=\/wp\/v2\/pages\/208\/revisions"}],"predecessor-version":[{"id":256,"href":"https:\/\/hendrikjewangemann.de\/index.php?rest_route=\/wp\/v2\/pages\/208\/revisions\/256"}],"wp:attachment":[{"href":"https:\/\/hendrikjewangemann.de\/index.php?rest_route=%2Fwp%2Fv2%2Fmedia&parent=208"}],"curies":[{"name":"wp","href":"https:\/\/api.w.org\/{rel}","templated":true}]}}