{"id":18,"date":"2019-12-12T16:21:15","date_gmt":"2019-12-12T16:21:15","guid":{"rendered":"http:\/\/hendrikjewangemann.de\/?page_id=18"},"modified":"2020-02-26T09:32:04","modified_gmt":"2020-02-26T09:32:04","slug":"home","status":"publish","type":"page","link":"https:\/\/hendrikjewangemann.de\/?page_id=18","title":{"rendered":"Vita"},"content":{"rendered":"\n<figure class=\"wp-block-image size-large is-resized\"><img loading=\"lazy\" decoding=\"async\" src=\"http:\/\/hendrikjewangemann.de\/wp-content\/uploads\/2020\/02\/Hendrikje-vor-HfMDD-572x1024.jpg\" alt=\"\" class=\"wp-image-244\" width=\"285\" height=\"510\" srcset=\"https:\/\/hendrikjewangemann.de\/wp-content\/uploads\/2020\/02\/Hendrikje-vor-HfMDD-572x1024.jpg 572w, https:\/\/hendrikjewangemann.de\/wp-content\/uploads\/2020\/02\/Hendrikje-vor-HfMDD-168x300.jpg 168w, https:\/\/hendrikjewangemann.de\/wp-content\/uploads\/2020\/02\/Hendrikje-vor-HfMDD.jpg 731w\" sizes=\"auto, (max-width: 285px) 100vw, 285px\" \/><\/figure>\n\n\n\n<p>Die Sopranistin Hendrikje&nbsp;Wangemann absolvierte ihr Gesangs-und P\u00e4dagogikstudium an der Musikhochschule&nbsp;Leipzig &#8222;Felix&nbsp;Mendelssohn&nbsp;Bartholdy&#8220; bei Prof.&nbsp;Eva&nbsp;Schubert und Prof.&nbsp;Christa&nbsp;Nowak. Nachfolgende Gesangslehrer waren Prof.&nbsp;Venceslava&nbsp;Hruba\u2011Freiberger und Prof.&nbsp;Herrmann\u2011Christian&nbsp;Polster.<\/p>\n\n\n\n<p>Nach ihrem vierj\u00e4hrigen Engagement am Opernhaus&nbsp;Halle (1987-91), an welchem sie besondere Erfolge mit Hauptpartien von Georg&nbsp;Friedrich&nbsp;H\u00e4ndel feierte, ebenso in Rollen wie Gilda, Marzelline, Miccaela, und Jenny deb\u00fctierte, wurde sie von Udo&nbsp;Zimmermann und Generalmusikdirektor Lothar&nbsp;Zagrosek an das Leipziger&nbsp;Opernhaus engagiert (1991-2008).<\/p>\n\n\n\n<p> Hier sang sie ein breitgef\u00e4chertes Repertoire im lyrischen Sopranfach wie Musetta, Marzelline, Titania, Susanna, Despina, Zerlina, Baronin (\u201eWildsch\u00fctz\u201c), Erste&nbsp;Dame. <br> Viel beachtete Rollenportr\u00e4ts gelangen ihr in zeitgen\u00f6ssischen Werken wie J\u00f6rg&nbsp;Herchets \u201eNachtwache\u201c UA (Anila), Turnages \u201eGreek\u201c (alle Sopranparts), J.&nbsp;Doves \u201eFlight\u201c ( Minsk-Woman), Poulencs \u201eLa&nbsp;voix&nbsp;humaine\u201c sowie in Sch\u00f6nbergs \u201ePierrot&nbsp;Lunaire\u201c sowie \u201eVon&nbsp;heute&nbsp;auf&nbsp;morgen\u201c in der Sch\u00f6nberg-Trilogie \u201eModerne&nbsp;Menschen\u201c.<\/p>\n\n\n\n<p>Eine h\u00e4ufige Zusammenarbeit verband sie mit dem Regisseur Peter&nbsp;Konwitschny und weiteren international renommierten Regisseuren wie Ruth&nbsp;Berghaus, George&nbsp;Tabori, Alfred&nbsp;Kirchner, John&nbsp;Dew, J\u00e9r\u00f4me&nbsp;Savary und Dirigenten wie Marek&nbsp;Janowski, Stefan&nbsp;Soltesz, Lothar&nbsp;Zagrosek, Michail&nbsp;Jurowski und Ji\u0159\u00ed&nbsp;Kout.<br>Gastspiele f\u00fchrten sie zum \u201eKissinger&nbsp;Sommer\u201c und an verschiedene B\u00fchnen im In- und Ausland (Hamburgische&nbsp;Staatsoper, Semperoper&nbsp;Dresden, Komische&nbsp;Oper&nbsp;Berlin, Theater&nbsp;L\u00fcbeck, Osnabr\u00fcck, Regensburg, Cottbus, Weimar sowie Tourneen durch Frankreich, Schweiz, F\u00fcrstentum&nbsp;Liechtenstein).<\/p>\n\n\n\n<p>Schon w\u00e4hrend ihrer aktiven Zeit als S\u00e4ngerin war Hendrikje&nbsp;Wangemann Gesangsdozentin an der Martin\u2011Luther\u2011Universit\u00e4t&nbsp;Halle und erhielt 2006 einen Lehrauftrag an der Musikhochschule&nbsp;Carl&nbsp;Maria&nbsp;von&nbsp;Weber&nbsp;Dresden.<\/p>\n\n\n\n<p>2008 wurde sie zur hauptamtlichen Professorin berufen.<\/p>\n\n\n\n<p>Seit 2010 ist sie Studiendekanin der Fachrichtung Gesang.<\/p>\n\n\n\n<p>Ihre Studenten konnten mehrfach Preise bei nationalen und internationalen Wettbewerben erringen.<\/p>\n","protected":false},"excerpt":{"rendered":"<p>Die Sopranistin Hendrikje&nbsp;Wangemann absolvierte ihr Gesangs-und P\u00e4dagogikstudium an der Musikhochschule&nbsp;Leipzig &#8222;Felix&nbsp;Mendelssohn&nbsp;Bartholdy&#8220; bei Prof.&nbsp;Eva&nbsp;Schubert und Prof.&nbsp;Christa&nbsp;Nowak. Nachfolgende Gesangslehrer waren Prof.&nbsp;Venceslava&nbsp;Hruba\u2011Freiberger und Prof.&nbsp;Herrmann\u2011Christian&nbsp;Polster. Nach ihrem vierj\u00e4hrigen Engagement am Opernhaus&nbsp;Halle (1987-91), an welchem sie besondere Erfolge mit Hauptpartien von Georg&nbsp;Friedrich&nbsp;H\u00e4ndel feierte, ebenso in Rollen wie Gilda, Marzelline, Miccaela, und Jenny deb\u00fctierte, wurde sie von Udo&nbsp;Zimmermann und Generalmusikdirektor Lothar&nbsp;Zagrosek &hellip; <\/p>\n<p class=\"link-more\"><a href=\"https:\/\/hendrikjewangemann.de\/?page_id=18\" class=\"more-link\"><span class=\"screen-reader-text\">\u201eVita\u201c <\/span>weiterlesen<\/a><\/p>\n","protected":false},"author":1,"featured_media":0,"parent":0,"menu_order":0,"comment_status":"closed","ping_status":"closed","template":"","meta":{"ngg_post_thumbnail":0,"footnotes":""},"class_list":["post-18","page","type-page","status-publish","hentry"],"_links":{"self":[{"href":"https:\/\/hendrikjewangemann.de\/index.php?rest_route=\/wp\/v2\/pages\/18","targetHints":{"allow":["GET"]}}],"collection":[{"href":"https:\/\/hendrikjewangemann.de\/index.php?rest_route=\/wp\/v2\/pages"}],"about":[{"href":"https:\/\/hendrikjewangemann.de\/index.php?rest_route=\/wp\/v2\/types\/page"}],"author":[{"embeddable":true,"href":"https:\/\/hendrikjewangemann.de\/index.php?rest_route=\/wp\/v2\/users\/1"}],"replies":[{"embeddable":true,"href":"https:\/\/hendrikjewangemann.de\/index.php?rest_route=%2Fwp%2Fv2%2Fcomments&post=18"}],"version-history":[{"count":9,"href":"https:\/\/hendrikjewangemann.de\/index.php?rest_route=\/wp\/v2\/pages\/18\/revisions"}],"predecessor-version":[{"id":247,"href":"https:\/\/hendrikjewangemann.de\/index.php?rest_route=\/wp\/v2\/pages\/18\/revisions\/247"}],"wp:attachment":[{"href":"https:\/\/hendrikjewangemann.de\/index.php?rest_route=%2Fwp%2Fv2%2Fmedia&parent=18"}],"curies":[{"name":"wp","href":"https:\/\/api.w.org\/{rel}","templated":true}]}}